{"id":243,"date":"2021-05-12T16:14:21","date_gmt":"2021-05-12T15:14:21","guid":{"rendered":"https:\/\/staging.publiclighting.ie\/teagmhail\/"},"modified":"2026-03-27T15:30:27","modified_gmt":"2026-03-27T15:30:27","slug":"teagmhail","status":"publish","type":"page","link":"https:\/\/publiclighting.ie\/ga\/teagmhail\/","title":{"rendered":"Teagmh\u00e1il"},"content":{"rendered":"\n<div class=\"wp-block-group row-about-intro section\"><div class=\"wp-block-group__inner-container is-layout-flow wp-block-group-is-layout-flow\">\n<div class=\"wp-block-group container\"><div class=\"wp-block-group__inner-container is-layout-flow wp-block-group-is-layout-flow\">\n<div class=\"wp-block-columns are-vertically-aligned-top is-layout-flex wp-container-core-columns-is-layout-9d6595d7 wp-block-columns-is-layout-flex\">\n<div class=\"wp-block-column is-vertically-aligned-top is-layout-flow wp-block-column-is-layout-flow\">\n<h4 class=\"wp-block-heading\">R\u00e9igi\u00fan an Iar\u2011Deiscirt<\/h4>\n\n\n\n<p>Tionscadal N\u00e1isi\u00fanta \u00c9ifeacht\u00falacht Fuinnimh na Soilse Poibl\u00ed (PLEEP) \u2013 Foireann R\u00e9igi\u00fan an Iar-Dheiscirt<br>Comhairle Contae Chorca\u00ed <br>Halla an Chontae <br>Corcaigh T12 R2NC<\/p>\n\n\n\n<p><strong>Tel:<\/strong> <a href=\"tel:+353214285517\">+353(0)21 428 5517<\/a><br><strong>Web:<\/strong> <a rel=\"noreferrer noopener\" href=\"https:\/\/www.corkcoco.ie\" target=\"_blank\"><\/a><a href=\"https:\/\/www.corkcoco.ie\/en\" target=\"_blank\" rel=\"noreferrer noopener\">www.corkcoco.ie<\/a><\/p>\n<\/div>\n\n\n\n<div class=\"wp-block-column is-vertically-aligned-top is-layout-flow wp-block-column-is-layout-flow\">\n<h4 class=\"wp-block-heading\">R\u00e9igi\u00fan an Oirthir<\/h4>\n\n\n\n<p>Tionscadal N\u00e1isi\u00fanta \u00c9ifeacht\u00falacht Fuinnimh na Soilse Poibl\u00ed (PLEEP) \u2013Foireann R\u00e9igi\u00fan an Oirthir<br>Comhairle Contae Chill Chainnigh<br>1\u00fa Url\u00e1r, Halla na Cathrach,<br>An tSr\u00e1id Ard, Cill Chainnigh<\/p>\n\n\n\n<p><strong>Tel:<\/strong> <a href=\"tel:+353567794363\">+353(0)56 779 4363 <\/a> <br><strong>Web:<\/strong> <a href=\"https:\/\/www.kilkennycoco.ie\/eng\/\" target=\"_blank\" rel=\"noreferrer noopener\">www.kilkennycoco.ie<\/a><\/p>\n<\/div>\n\n\n\n<div class=\"wp-block-column is-layout-flow wp-block-column-is-layout-flow\">\n<h4 class=\"wp-block-heading\">R\u00e9igi\u00fan an Iar-Thuaiscirt<\/h4>\n\n\n\n<p>Tionscadal N\u00e1isi\u00fanta \u00c9ifeacht\u00falacht Fuinnimh na Soilse Poibl\u00ed (PLEEP) \u2013 Foireann R\u00e9igi\u00fan an Iar-Thuaiscirt<br>Comhairle Contae&nbsp;Mhaigh&nbsp;Eo, \u00c1ras an Chontae<br>An Meal, Caisle\u00e1n an Bharraigh<br>Co. Mhaigh Eo F23 WF90<\/p>\n\n\n\n<p><strong>Tel:<\/strong> <a href=\"http:\/\/+353949064000\">+353(0)94 906 4000<\/a><br><strong>Web:<\/strong> <a href=\"https:\/\/www.mayo.ie\/roads\/public-lighting\/PLEEP\"><\/a><a href=\"https:\/\/eur01.safelinks.protection.outlook.com\/?url=https%3A%2F%2Fscanner.topsec.com%2F%3Fr%3Dshow%26d%3D1322%26u%3Dhttps%253A%252F%252Fwww.mayo.ie%252Froads%252Fpublic-lighting%252FPLEEP%26t%3De141c87f8211d0fb0dfa9321470ce53253780337&amp;data=04%7C01%7Cbfitzgerald%40lgma.ie%7C02b74afba3cb45fd224908da189d748d%7Cef22ca07ab074cf98562d5c5bb0416f4%7C0%7C0%7C637849362214529737%7CUnknown%7CTWFpbGZsb3d8eyJWIjoiMC4wLjAwMDAiLCJQIjoiV2luMzIiLCJBTiI6Ik1haWwiLCJXVCI6Mn0%3D%7C2000&amp;sdata=wNP38I63QG0XJ7CQozf6%2BCM4qO%2BtNaaEsB3juP4l5r0%3D&amp;reserved=0\">https:\/\/www.mayo.ie<\/a><\/p>\n<\/div>\n<\/div>\n<\/div><\/div>\n\n\n\n<div class=\"wp-block-group container\"><div class=\"wp-block-group__inner-container is-layout-flow wp-block-group-is-layout-flow\"><\/div><\/div>\n<\/div><\/div>\n\n\n\n<p><\/p>\n","protected":false},"excerpt":{"rendered":"<p>R\u00e9igi\u00fan an Iar\u2011Deiscirt Tionscadal N\u00e1isi\u00fanta \u00c9ifeacht\u00falacht Fuinnimh na Soilse Poibl\u00ed (PLEEP) \u2013&hellip;<\/p>\n<p><a class=\"readmore\" href=\"https:\/\/publiclighting.ie\/ga\/teagmhail\/\">Read More<\/a><\/p>\n","protected":false},"author":1,"featured_media":201,"parent":0,"menu_order":0,"comment_status":"closed","ping_status":"closed","template":"page-templates\/fullwidthpage.php","meta":{"inline_featured_image":false,"footnotes":""},"class_list":["post-243","page","type-page","status-publish","has-post-thumbnail","hentry"],"yoast_head":"<!-- This site is optimized with the Yoast SEO plugin v26.8 - https:\/\/yoast.com\/product\/yoast-seo-wordpress\/ -->\n<title>Teagmh\u00e1il - Public Lighting<\/title>\n<meta name=\"robots\" content=\"index, follow, max-snippet:-1, max-image-preview:large, max-video-preview:-1\" \/>\n<link rel=\"canonical\" href=\"https:\/\/publiclighting.ie\/ga\/teagmhail\/\" \/>\n<meta property=\"og:locale\" content=\"ga_IE\" \/>\n<meta property=\"og:type\" content=\"article\" \/>\n<meta property=\"og:title\" content=\"Teagmh\u00e1il - Public Lighting\" \/>\n<meta property=\"og:description\" content=\"R\u00e9igi\u00fan an Iar\u2011Deiscirt Tionscadal N\u00e1isi\u00fanta \u00c9ifeacht\u00falacht Fuinnimh na Soilse Poibl\u00ed (PLEEP) \u2013&hellip;Read More\" \/>\n<meta property=\"og:url\" content=\"https:\/\/publiclighting.ie\/ga\/teagmhail\/\" \/>\n<meta property=\"og:site_name\" content=\"Public Lighting\" \/>\n<meta property=\"article:modified_time\" content=\"2026-03-27T15:30:27+00:00\" \/>\n<meta property=\"og:image\" content=\"https:\/\/publiclighting.ie\/wp-content\/uploads\/2021\/05\/street.jpg\" \/>\n\t<meta property=\"og:image:width\" content=\"1000\" \/>\n\t<meta property=\"og:image:height\" content=\"810\" \/>\n\t<meta property=\"og:image:type\" content=\"image\/jpeg\" \/>\n<meta name=\"twitter:card\" content=\"summary_large_image\" \/>\n<meta name=\"twitter:label1\" content=\"Est. reading time\" \/>\n\t<meta name=\"twitter:data1\" content=\"1 minute\" \/>\n<script type=\"application\/ld+json\" class=\"yoast-schema-graph\">{\"@context\":\"https:\/\/schema.org\",\"@graph\":[{\"@type\":\"WebPage\",\"@id\":\"https:\/\/publiclighting.ie\/ga\/teagmhail\/\",\"url\":\"https:\/\/publiclighting.ie\/ga\/teagmhail\/\",\"name\":\"Teagmh\u00e1il - Public Lighting\",\"isPartOf\":{\"@id\":\"https:\/\/publiclighting.ie\/#website\"},\"primaryImageOfPage\":{\"@id\":\"https:\/\/publiclighting.ie\/ga\/teagmhail\/#primaryimage\"},\"image\":{\"@id\":\"https:\/\/publiclighting.ie\/ga\/teagmhail\/#primaryimage\"},\"thumbnailUrl\":\"https:\/\/publiclighting.ie\/wp-content\/uploads\/2021\/05\/street.jpg\",\"datePublished\":\"2021-05-12T15:14:21+00:00\",\"dateModified\":\"2026-03-27T15:30:27+00:00\",\"breadcrumb\":{\"@id\":\"https:\/\/publiclighting.ie\/ga\/teagmhail\/#breadcrumb\"},\"inLanguage\":\"ga-IE\",\"potentialAction\":[{\"@type\":\"ReadAction\",\"target\":[\"https:\/\/publiclighting.ie\/ga\/teagmhail\/\"]}]},{\"@type\":\"ImageObject\",\"inLanguage\":\"ga-IE\",\"@id\":\"https:\/\/publiclighting.ie\/ga\/teagmhail\/#primaryimage\",\"url\":\"https:\/\/publiclighting.ie\/wp-content\/uploads\/2021\/05\/street.jpg\",\"contentUrl\":\"https:\/\/publiclighting.ie\/wp-content\/uploads\/2021\/05\/street.jpg\",\"width\":1000,\"height\":810},{\"@type\":\"BreadcrumbList\",\"@id\":\"https:\/\/publiclighting.ie\/ga\/teagmhail\/#breadcrumb\",\"itemListElement\":[{\"@type\":\"ListItem\",\"position\":1,\"name\":\"Home\",\"item\":\"https:\/\/publiclighting.ie\/ga\/\"},{\"@type\":\"ListItem\",\"position\":2,\"name\":\"Teagmh\u00e1il\"}]},{\"@type\":\"WebSite\",\"@id\":\"https:\/\/publiclighting.ie\/#website\",\"url\":\"https:\/\/publiclighting.ie\/\",\"name\":\"Public Lighting\",\"description\":\"How we light Ireland is changing for the better\",\"publisher\":{\"@id\":\"https:\/\/publiclighting.ie\/#organization\"},\"potentialAction\":[{\"@type\":\"SearchAction\",\"target\":{\"@type\":\"EntryPoint\",\"urlTemplate\":\"https:\/\/publiclighting.ie\/?s={search_term_string}\"},\"query-input\":{\"@type\":\"PropertyValueSpecification\",\"valueRequired\":true,\"valueName\":\"search_term_string\"}}],\"inLanguage\":\"ga-IE\"},{\"@type\":\"Organization\",\"@id\":\"https:\/\/publiclighting.ie\/#organization\",\"name\":\"Public Lighting\",\"url\":\"https:\/\/publiclighting.ie\/\",\"logo\":{\"@type\":\"ImageObject\",\"inLanguage\":\"ga-IE\",\"@id\":\"https:\/\/publiclighting.ie\/#\/schema\/logo\/image\/\",\"url\":\"https:\/\/publiclighting.ie\/wp-content\/uploads\/2021\/05\/LED-RGB-Small.png\",\"contentUrl\":\"https:\/\/publiclighting.ie\/wp-content\/uploads\/2021\/05\/LED-RGB-Small.png\",\"width\":1458,\"height\":546,\"caption\":\"Public Lighting\"},\"image\":{\"@id\":\"https:\/\/publiclighting.ie\/#\/schema\/logo\/image\/\"}}]}<\/script>\n<!-- \/ Yoast SEO plugin. -->","yoast_head_json":{"title":"Teagmh\u00e1il - Public Lighting","robots":{"index":"index","follow":"follow","max-snippet":"max-snippet:-1","max-image-preview":"max-image-preview:large","max-video-preview":"max-video-preview:-1"},"canonical":"https:\/\/publiclighting.ie\/ga\/teagmhail\/","og_locale":"ga_IE","og_type":"article","og_title":"Teagmh\u00e1il - Public Lighting","og_description":"R\u00e9igi\u00fan an Iar\u2011Deiscirt Tionscadal N\u00e1isi\u00fanta \u00c9ifeacht\u00falacht Fuinnimh na Soilse Poibl\u00ed (PLEEP) \u2013&hellip;Read More","og_url":"https:\/\/publiclighting.ie\/ga\/teagmhail\/","og_site_name":"Public Lighting","article_modified_time":"2026-03-27T15:30:27+00:00","og_image":[{"width":1000,"height":810,"url":"https:\/\/publiclighting.ie\/wp-content\/uploads\/2021\/05\/street.jpg","type":"image\/jpeg"}],"twitter_card":"summary_large_image","twitter_misc":{"Est. reading time":"1 minute"},"schema":{"@context":"https:\/\/schema.org","@graph":[{"@type":"WebPage","@id":"https:\/\/publiclighting.ie\/ga\/teagmhail\/","url":"https:\/\/publiclighting.ie\/ga\/teagmhail\/","name":"Teagmh\u00e1il - Public Lighting","isPartOf":{"@id":"https:\/\/publiclighting.ie\/#website"},"primaryImageOfPage":{"@id":"https:\/\/publiclighting.ie\/ga\/teagmhail\/#primaryimage"},"image":{"@id":"https:\/\/publiclighting.ie\/ga\/teagmhail\/#primaryimage"},"thumbnailUrl":"https:\/\/publiclighting.ie\/wp-content\/uploads\/2021\/05\/street.jpg","datePublished":"2021-05-12T15:14:21+00:00","dateModified":"2026-03-27T15:30:27+00:00","breadcrumb":{"@id":"https:\/\/publiclighting.ie\/ga\/teagmhail\/#breadcrumb"},"inLanguage":"ga-IE","potentialAction":[{"@type":"ReadAction","target":["https:\/\/publiclighting.ie\/ga\/teagmhail\/"]}]},{"@type":"ImageObject","inLanguage":"ga-IE","@id":"https:\/\/publiclighting.ie\/ga\/teagmhail\/#primaryimage","url":"https:\/\/publiclighting.ie\/wp-content\/uploads\/2021\/05\/street.jpg","contentUrl":"https:\/\/publiclighting.ie\/wp-content\/uploads\/2021\/05\/street.jpg","width":1000,"height":810},{"@type":"BreadcrumbList","@id":"https:\/\/publiclighting.ie\/ga\/teagmhail\/#breadcrumb","itemListElement":[{"@type":"ListItem","position":1,"name":"Home","item":"https:\/\/publiclighting.ie\/ga\/"},{"@type":"ListItem","position":2,"name":"Teagmh\u00e1il"}]},{"@type":"WebSite","@id":"https:\/\/publiclighting.ie\/#website","url":"https:\/\/publiclighting.ie\/","name":"Public Lighting","description":"How we light Ireland is changing for the better","publisher":{"@id":"https:\/\/publiclighting.ie\/#organization"},"potentialAction":[{"@type":"SearchAction","target":{"@type":"EntryPoint","urlTemplate":"https:\/\/publiclighting.ie\/?s={search_term_string}"},"query-input":{"@type":"PropertyValueSpecification","valueRequired":true,"valueName":"search_term_string"}}],"inLanguage":"ga-IE"},{"@type":"Organization","@id":"https:\/\/publiclighting.ie\/#organization","name":"Public Lighting","url":"https:\/\/publiclighting.ie\/","logo":{"@type":"ImageObject","inLanguage":"ga-IE","@id":"https:\/\/publiclighting.ie\/#\/schema\/logo\/image\/","url":"https:\/\/publiclighting.ie\/wp-content\/uploads\/2021\/05\/LED-RGB-Small.png","contentUrl":"https:\/\/publiclighting.ie\/wp-content\/uploads\/2021\/05\/LED-RGB-Small.png","width":1458,"height":546,"caption":"Public Lighting"},"image":{"@id":"https:\/\/publiclighting.ie\/#\/schema\/logo\/image\/"}}]}},"_links":{"self":[{"href":"https:\/\/publiclighting.ie\/ga\/wp-json\/wp\/v2\/pages\/243","targetHints":{"allow":["GET"]}}],"collection":[{"href":"https:\/\/publiclighting.ie\/ga\/wp-json\/wp\/v2\/pages"}],"about":[{"href":"https:\/\/publiclighting.ie\/ga\/wp-json\/wp\/v2\/types\/page"}],"author":[{"embeddable":true,"href":"https:\/\/publiclighting.ie\/ga\/wp-json\/wp\/v2\/users\/1"}],"replies":[{"embeddable":true,"href":"https:\/\/publiclighting.ie\/ga\/wp-json\/wp\/v2\/comments?post=243"}],"version-history":[{"count":6,"href":"https:\/\/publiclighting.ie\/ga\/wp-json\/wp\/v2\/pages\/243\/revisions"}],"predecessor-version":[{"id":623,"href":"https:\/\/publiclighting.ie\/ga\/wp-json\/wp\/v2\/pages\/243\/revisions\/623"}],"wp:featuredmedia":[{"embeddable":true,"href":"https:\/\/publiclighting.ie\/ga\/wp-json\/wp\/v2\/media\/201"}],"wp:attachment":[{"href":"https:\/\/publiclighting.ie\/ga\/wp-json\/wp\/v2\/media?parent=243"}],"curies":[{"name":"wp","href":"https:\/\/api.w.org\/{rel}","templated":true}]}}