{"id":247,"date":"2021-05-12T15:31:41","date_gmt":"2021-05-12T14:31:41","guid":{"rendered":"https:\/\/staging.publiclighting.ie\/beartas-priobhaideachais\/"},"modified":"2022-06-03T14:47:57","modified_gmt":"2022-06-03T13:47:57","slug":"beartas-priobhaideachais","status":"publish","type":"page","link":"https:\/\/publiclighting.ie\/ga\/beartas-priobhaideachais\/","title":{"rendered":"Beartas Pr\u00edobh\u00e1ideachais"},"content":{"rendered":"\n<div class=\"wp-block-group section\"><div class=\"wp-block-group__inner-container is-layout-flow wp-block-group-is-layout-flow\">\n<div class=\"wp-block-group container\"><div class=\"wp-block-group__inner-container is-layout-flow wp-block-group-is-layout-flow\">\n<p>Oifig Bhainistithe na mB\u00f3ithre i gComhairle Contae Dh\u00fan na nGall a dh\u00e9anann cothabh\u00e1il ar an su\u00edomh gr\u00e9as\u00e1in seo. T\u00e1 meas ag Comhairle Contae Dh\u00fan na nGall ar do phr\u00edobh\u00e1ideachas agus n\u00ed bhaileofar aon sonra\u00ed f\u00fat ar an su\u00edomh gr\u00e9as\u00e1in seachas sa ch\u00e1s go mbeidh cead soil\u00e9ir tugtha agat. Caithfear le haon fhaisn\u00e9is a gh\u00e9illeann t\u00fa de r\u00e9ir na gcaighde\u00e1n is airde sl\u00e1nd\u00e1la agus r\u00fandachta, de r\u00e9ir na nAchtanna um Chosaint Sonra\u00ed, 198-2018.<\/p>\n\n\n\n<p>Is f\u00e9idir R\u00e1iteas Pr\u00edobh\u00e1ideachais Chomhairle Contae Dh\u00fan na nGall a l\u00e9amh <a href=\"https:\/\/www.donegalcoco.ie\/media\/donegalcountyc\/footer\/dataprotection\/DCC%20Data%20Protection%20Privacy%20Statement.pdf\" data-type=\"URL\" data-id=\"https:\/\/www.donegalcoco.ie\/media\/donegalcountyc\/footer\/dataprotection\/DCC%20Data%20Protection%20Privacy%20Statement.pdf\" target=\"_blank\" rel=\"noreferrer noopener\">anseo<\/a><\/p>\n<\/div><\/div>\n<\/div><\/div>\n","protected":false},"excerpt":{"rendered":"<p>Oifig Bhainistithe na mB\u00f3ithre i gComhairle Contae Dh\u00fan na nGall a dh\u00e9anann&hellip;<\/p>\n<p><a class=\"readmore\" href=\"https:\/\/publiclighting.ie\/ga\/beartas-priobhaideachais\/\">Read More<\/a><\/p>\n","protected":false},"author":1,"featured_media":0,"parent":0,"menu_order":0,"comment_status":"closed","ping_status":"closed","template":"","meta":{"inline_featured_image":false,"footnotes":""},"class_list":["post-247","page","type-page","status-publish","hentry"],"yoast_head":"<!-- This site is optimized with the Yoast SEO plugin v26.8 - https:\/\/yoast.com\/product\/yoast-seo-wordpress\/ -->\n<title>Beartas Pr\u00edobh\u00e1ideachais - Public Lighting<\/title>\n<meta name=\"robots\" content=\"index, follow, max-snippet:-1, max-image-preview:large, max-video-preview:-1\" \/>\n<link rel=\"canonical\" href=\"https:\/\/publiclighting.ie\/ga\/beartas-priobhaideachais\/\" \/>\n<meta property=\"og:locale\" content=\"ga_IE\" \/>\n<meta property=\"og:type\" content=\"article\" \/>\n<meta property=\"og:title\" content=\"Beartas Pr\u00edobh\u00e1ideachais - Public Lighting\" \/>\n<meta property=\"og:description\" content=\"Oifig Bhainistithe na mB\u00f3ithre i gComhairle Contae Dh\u00fan na nGall a dh\u00e9anann&hellip;Read More\" \/>\n<meta property=\"og:url\" content=\"https:\/\/publiclighting.ie\/ga\/beartas-priobhaideachais\/\" \/>\n<meta property=\"og:site_name\" content=\"Public Lighting\" \/>\n<meta property=\"article:modified_time\" content=\"2022-06-03T13:47:57+00:00\" \/>\n<meta name=\"twitter:card\" content=\"summary_large_image\" \/>\n<script type=\"application\/ld+json\" class=\"yoast-schema-graph\">{\"@context\":\"https:\/\/schema.org\",\"@graph\":[{\"@type\":\"WebPage\",\"@id\":\"https:\/\/publiclighting.ie\/ga\/beartas-priobhaideachais\/\",\"url\":\"https:\/\/publiclighting.ie\/ga\/beartas-priobhaideachais\/\",\"name\":\"Beartas Pr\u00edobh\u00e1ideachais - Public Lighting\",\"isPartOf\":{\"@id\":\"https:\/\/publiclighting.ie\/#website\"},\"datePublished\":\"2021-05-12T14:31:41+00:00\",\"dateModified\":\"2022-06-03T13:47:57+00:00\",\"breadcrumb\":{\"@id\":\"https:\/\/publiclighting.ie\/ga\/beartas-priobhaideachais\/#breadcrumb\"},\"inLanguage\":\"ga-IE\",\"potentialAction\":[{\"@type\":\"ReadAction\",\"target\":[\"https:\/\/publiclighting.ie\/ga\/beartas-priobhaideachais\/\"]}]},{\"@type\":\"BreadcrumbList\",\"@id\":\"https:\/\/publiclighting.ie\/ga\/beartas-priobhaideachais\/#breadcrumb\",\"itemListElement\":[{\"@type\":\"ListItem\",\"position\":1,\"name\":\"Home\",\"item\":\"https:\/\/publiclighting.ie\/ga\/\"},{\"@type\":\"ListItem\",\"position\":2,\"name\":\"Beartas Pr\u00edobh\u00e1ideachais\"}]},{\"@type\":\"WebSite\",\"@id\":\"https:\/\/publiclighting.ie\/#website\",\"url\":\"https:\/\/publiclighting.ie\/\",\"name\":\"Public Lighting\",\"description\":\"How we light Ireland is changing for the better\",\"publisher\":{\"@id\":\"https:\/\/publiclighting.ie\/#organization\"},\"potentialAction\":[{\"@type\":\"SearchAction\",\"target\":{\"@type\":\"EntryPoint\",\"urlTemplate\":\"https:\/\/publiclighting.ie\/?s={search_term_string}\"},\"query-input\":{\"@type\":\"PropertyValueSpecification\",\"valueRequired\":true,\"valueName\":\"search_term_string\"}}],\"inLanguage\":\"ga-IE\"},{\"@type\":\"Organization\",\"@id\":\"https:\/\/publiclighting.ie\/#organization\",\"name\":\"Public Lighting\",\"url\":\"https:\/\/publiclighting.ie\/\",\"logo\":{\"@type\":\"ImageObject\",\"inLanguage\":\"ga-IE\",\"@id\":\"https:\/\/publiclighting.ie\/#\/schema\/logo\/image\/\",\"url\":\"https:\/\/publiclighting.ie\/wp-content\/uploads\/2021\/05\/LED-RGB-Small.png\",\"contentUrl\":\"https:\/\/publiclighting.ie\/wp-content\/uploads\/2021\/05\/LED-RGB-Small.png\",\"width\":1458,\"height\":546,\"caption\":\"Public Lighting\"},\"image\":{\"@id\":\"https:\/\/publiclighting.ie\/#\/schema\/logo\/image\/\"}}]}<\/script>\n<!-- \/ Yoast SEO plugin. -->","yoast_head_json":{"title":"Beartas Pr\u00edobh\u00e1ideachais - Public Lighting","robots":{"index":"index","follow":"follow","max-snippet":"max-snippet:-1","max-image-preview":"max-image-preview:large","max-video-preview":"max-video-preview:-1"},"canonical":"https:\/\/publiclighting.ie\/ga\/beartas-priobhaideachais\/","og_locale":"ga_IE","og_type":"article","og_title":"Beartas Pr\u00edobh\u00e1ideachais - Public Lighting","og_description":"Oifig Bhainistithe na mB\u00f3ithre i gComhairle Contae Dh\u00fan na nGall a dh\u00e9anann&hellip;Read More","og_url":"https:\/\/publiclighting.ie\/ga\/beartas-priobhaideachais\/","og_site_name":"Public Lighting","article_modified_time":"2022-06-03T13:47:57+00:00","twitter_card":"summary_large_image","schema":{"@context":"https:\/\/schema.org","@graph":[{"@type":"WebPage","@id":"https:\/\/publiclighting.ie\/ga\/beartas-priobhaideachais\/","url":"https:\/\/publiclighting.ie\/ga\/beartas-priobhaideachais\/","name":"Beartas Pr\u00edobh\u00e1ideachais - Public Lighting","isPartOf":{"@id":"https:\/\/publiclighting.ie\/#website"},"datePublished":"2021-05-12T14:31:41+00:00","dateModified":"2022-06-03T13:47:57+00:00","breadcrumb":{"@id":"https:\/\/publiclighting.ie\/ga\/beartas-priobhaideachais\/#breadcrumb"},"inLanguage":"ga-IE","potentialAction":[{"@type":"ReadAction","target":["https:\/\/publiclighting.ie\/ga\/beartas-priobhaideachais\/"]}]},{"@type":"BreadcrumbList","@id":"https:\/\/publiclighting.ie\/ga\/beartas-priobhaideachais\/#breadcrumb","itemListElement":[{"@type":"ListItem","position":1,"name":"Home","item":"https:\/\/publiclighting.ie\/ga\/"},{"@type":"ListItem","position":2,"name":"Beartas Pr\u00edobh\u00e1ideachais"}]},{"@type":"WebSite","@id":"https:\/\/publiclighting.ie\/#website","url":"https:\/\/publiclighting.ie\/","name":"Public Lighting","description":"How we light Ireland is changing for the better","publisher":{"@id":"https:\/\/publiclighting.ie\/#organization"},"potentialAction":[{"@type":"SearchAction","target":{"@type":"EntryPoint","urlTemplate":"https:\/\/publiclighting.ie\/?s={search_term_string}"},"query-input":{"@type":"PropertyValueSpecification","valueRequired":true,"valueName":"search_term_string"}}],"inLanguage":"ga-IE"},{"@type":"Organization","@id":"https:\/\/publiclighting.ie\/#organization","name":"Public Lighting","url":"https:\/\/publiclighting.ie\/","logo":{"@type":"ImageObject","inLanguage":"ga-IE","@id":"https:\/\/publiclighting.ie\/#\/schema\/logo\/image\/","url":"https:\/\/publiclighting.ie\/wp-content\/uploads\/2021\/05\/LED-RGB-Small.png","contentUrl":"https:\/\/publiclighting.ie\/wp-content\/uploads\/2021\/05\/LED-RGB-Small.png","width":1458,"height":546,"caption":"Public Lighting"},"image":{"@id":"https:\/\/publiclighting.ie\/#\/schema\/logo\/image\/"}}]}},"_links":{"self":[{"href":"https:\/\/publiclighting.ie\/ga\/wp-json\/wp\/v2\/pages\/247","targetHints":{"allow":["GET"]}}],"collection":[{"href":"https:\/\/publiclighting.ie\/ga\/wp-json\/wp\/v2\/pages"}],"about":[{"href":"https:\/\/publiclighting.ie\/ga\/wp-json\/wp\/v2\/types\/page"}],"author":[{"embeddable":true,"href":"https:\/\/publiclighting.ie\/ga\/wp-json\/wp\/v2\/users\/1"}],"replies":[{"embeddable":true,"href":"https:\/\/publiclighting.ie\/ga\/wp-json\/wp\/v2\/comments?post=247"}],"version-history":[{"count":1,"href":"https:\/\/publiclighting.ie\/ga\/wp-json\/wp\/v2\/pages\/247\/revisions"}],"predecessor-version":[{"id":248,"href":"https:\/\/publiclighting.ie\/ga\/wp-json\/wp\/v2\/pages\/247\/revisions\/248"}],"wp:attachment":[{"href":"https:\/\/publiclighting.ie\/ga\/wp-json\/wp\/v2\/media?parent=247"}],"curies":[{"name":"wp","href":"https:\/\/api.w.org\/{rel}","templated":true}]}}