{"id":249,"date":"2021-05-28T18:10:09","date_gmt":"2021-05-28T17:10:09","guid":{"rendered":"https:\/\/staging.publiclighting.ie\/roghanna-fianan\/"},"modified":"2022-06-03T14:55:31","modified_gmt":"2022-06-03T13:55:31","slug":"roghanna-fianan","status":"publish","type":"page","link":"https:\/\/publiclighting.ie\/ga\/roghanna-fianan\/","title":{"rendered":"Roghanna fian\u00e1n"},"content":{"rendered":"\n<div class=\"wp-block-group section\"><div class=\"wp-block-group__inner-container is-layout-flow wp-block-group-is-layout-flow\">\n<div class=\"wp-block-group container\"><div class=\"wp-block-group__inner-container is-layout-flow wp-block-group-is-layout-flow\">\n<h4 class=\"wp-block-heading\">R\u00e9amhr\u00e1<\/h4>\n\n\n\n<p>Sa chaoi go mbeidh an su\u00edomh seo oibri\u00fa mar is ceart, agus an t-eisp\u00e9ireas is fearr is f\u00e9idir a chur ar f\u00e1il d\u00e1r gcuairteoir\u00ed ar an su\u00edomh, cuirimid comhaid bheaga sonra\u00ed ar a dtugtar fian\u00e1in ar do ghl\u00e9as. T\u00e1 eolas sa bheartas seo faoi na fian\u00e1in agus conas iad a rial\u00fa don su\u00edomh gr\u00e9as\u00e1in seo.<\/p>\n\n\n\n<h4 class=\"wp-block-heading\">Cad is Fian\u00e1n ann?<\/h4>\n\n\n\n<p>Comhad beag t\u00e9acs \u00e9 an fian\u00e1n a sh\u00e1bh\u00e1lann su\u00edomh gr\u00e9as\u00e1in ar do r\u00edomhaire n\u00f3 ar do ghl\u00e9as soghluaiste nuair a thugann t\u00fa cuairt ar an su\u00edomh. Ansin cuirtear fian\u00e1in ar ais go dt\u00ed an bunsu\u00edomh ar gach uile chuairt ina dhiaidh sin, n\u00f3 chuig su\u00edomh eile a aithn\u00edonn an fian\u00e1n sin, chun taifead a fhorbairt ar ghn\u00edomha\u00edocht ar l\u00edne an \u00fas\u00e1ideora sin. Ar an su\u00edomh seo is f\u00e9idir gur c\u00e9ad ph\u00e1irt\u00ed (su\u00edomh Tionscadal N\u00e1isi\u00fanta \u00c9ifeacht\u00falacht Fuinnimh Soilse Poibl\u00ed) a dh\u00e9anfadh na fian\u00e1in a sheachadadh n\u00f3 tr\u00ed\u00fa p\u00e1irt\u00ed (su\u00edomh gr\u00e9as\u00e1in eile) agus is f\u00e9idir chomh maith go leagfa\u00ed iad i dtaca le sc\u00e9alta r\u00edomhphoist a gheobhf\u00e1 uainne.<\/p>\n\n\n\n<p>Cabhra\u00edonn fian\u00e1in linn d\u2019eisp\u00e9ireas a fheabhs\u00fa agus t\u00fa i mbun an su\u00edomh a \u00fas\u00e1id. Cabhra\u00edonn siad linn freisin a thuiscint c\u00e9n chaoi a n-\u00fas\u00e1ideann daoine \u00e1r su\u00edomh, c\u00e9 na leathanaigh is m\u00f3r a mb\u00edonn t\u00f3ir orthu mar shampla, sa chaoi go mb\u00edmid \u00e1balta an tseirbh\u00eds a fheabhs\u00fa do lucht \u00fas\u00e1idte an tsu\u00edmh. <\/p>\n\n\n\n<h4 class=\"wp-block-heading\">Fian\u00e1in a \u00fas\u00e1idtear ar an su\u00edomh seo<\/h4>\n\n\n\n<p><strong>Fian\u00e1in Riachtanacha:<\/strong> T\u00e1 na fian\u00e1in seo riachtanach le go mbeidh \u00fas\u00e1ideoir\u00ed \u00e1balta dul thart ar \u00e1r su\u00edomh. N\u00ed bhail\u00edonn na fian\u00e1in seo eolas f\u00fat a d\u2019fh\u00e9adfa\u00ed a \u00fas\u00e1id chun cr\u00edche na marga\u00edochta agus n\u00ed choinn\u00edonn siad cuimhne ar \u00e1iteanna a raibh t\u00fa ar an idirl\u00edon. N\u00ed f\u00e9idir an catag\u00f3ir seo fian\u00e1in a \u00e9agumas\u00fa.<\/p>\n\n\n\n<p>T\u00e1 tuilleadh eolais faoi na fian\u00e1in seo sa t\u00e1bla th\u00edos.<\/p>\n\n\n\n<figure class=\"wp-block-table\"><table><tbody><tr><td><strong>Fian\u00e1in<\/strong><\/td><td><strong>Mionsonra\u00ed<\/strong><\/td><\/tr><tr><td><br\/><\/td><td><br\/><\/td><\/tr><\/tbody><\/table><\/figure>\n\n\n\n<p><strong>Fian\u00e1in Anail\u00eds\u00edochta:<\/strong> \u00das\u00e1idimid fian\u00e1in Google Analytics chun eolas a bhaili\u00fa faoi conas a \u00fas\u00e1ideann cuairteoir\u00ed \u00e1r su\u00edomh. Bail\u00edonn na fian\u00e1in seo eolas ina mh\u00f3rchodanna chun l\u00e9argas a chur ar f\u00e1il d\u00fainn faoi conas at\u00e1thar a bhaint \u00fas\u00e1ide as \u00e1r su\u00edomh. D\u00e9anaimid anaithnidi\u00fa ar sheolta\u00ed IP in Google Analytics, agus d\u00e9antar na sonra\u00ed anaithnidithe a aistri\u00fa go Google, mar a nd\u00e9antar a st\u00f3r\u00e1il ar fhreastalaithe sna St\u00e1it Aontaithe. Is f\u00e9idir go nd\u00e9anfadh Google an t-eolas seo a aistri\u00fa go tr\u00ed\u00fa p\u00e1irtithe sa ch\u00e1s go n-\u00e9il\u00edtear sin faoin dl\u00ed, n\u00f3 sa ch\u00e1s gur tr\u00ed\u00fa p\u00e1irtithe a dh\u00e9anann pr\u00f3ise\u00e1il ar son Google ar an eolas. N\u00ed cheangl\u00f3idh Google do sheoladh IP le haon sonra\u00ed eile at\u00e1 ar coinne\u00e1il ag Google. <\/p>\n\n\n\n<p>T\u00e1 tuilleadh eolais faoi na fian\u00e1in seo sa t\u00e1bla th\u00edos.<\/p>\n\n\n\n<figure class=\"wp-block-table\"><table><tbody><tr><td><strong>Fian\u00e1in<\/strong><\/td><td><strong>Mionsonra\u00ed<\/strong><\/td><\/tr><tr><td>_ga<\/td><td>Foinse: Google Analytics \u00cddi\u00fa: 2 bhliain Feidhm: \u00das\u00e1ideoir\u00ed a dheal\u00fa.<\/td><\/tr><tr><td>_gid<\/td><td>Foinse: Google Analytics \u00cddi\u00fa: 1 l\u00e1 Feidhm: \u00das\u00e1ideoir\u00ed a dheal\u00fa.<\/td><\/tr><tr><td>_<em>ga<\/em>_*<\/td><td>Foinse: Google Analytics \u00cddi\u00fa: 1 l\u00e1 Feidhm: Riocht an tseisi\u00fain a choinne\u00e1il seasta<\/td><\/tr><tr><td>_gac_gb_*<\/td><td>Foinse: Google Analytics \u00cddi\u00fa: 90 l\u00e1 Feidhm: Eolas ann maidir le feachtais f\u00f3gra\u00edochta<\/td><\/tr><tr><td>_gat\/_dc_gtm_*<\/td><td>Foinse: Google Analytics \u00cddi\u00fa: 1 n\u00f3im\u00e9ad Feidhm: Luas a chur le r\u00e1ta iarratais<\/td><\/tr><tr><td>_<em>gac<\/em>_*<\/td><td>Foinse: Google Analytics \u00cddi\u00fa: 90 l\u00e1 Feidhm: Eolas ann maidir le feachtais f\u00f3gra\u00edochta<\/td><\/tr><\/tbody><\/table><\/figure>\n<\/div><\/div>\n<\/div><\/div>\n","protected":false},"excerpt":{"rendered":"<p>R\u00e9amhr\u00e1 Sa chaoi go mbeidh an su\u00edomh seo oibri\u00fa mar is ceart,&hellip;<\/p>\n<p><a class=\"readmore\" href=\"https:\/\/publiclighting.ie\/ga\/roghanna-fianan\/\">Read More<\/a><\/p>\n","protected":false},"author":1,"featured_media":0,"parent":0,"menu_order":0,"comment_status":"closed","ping_status":"closed","template":"","meta":{"inline_featured_image":false,"footnotes":""},"class_list":["post-249","page","type-page","status-publish","hentry"],"yoast_head":"<!-- This site is optimized with the Yoast SEO plugin v26.8 - https:\/\/yoast.com\/product\/yoast-seo-wordpress\/ -->\n<title>Roghanna fian\u00e1n - Public Lighting<\/title>\n<meta name=\"robots\" content=\"index, follow, max-snippet:-1, max-image-preview:large, max-video-preview:-1\" \/>\n<link rel=\"canonical\" href=\"https:\/\/publiclighting.ie\/ga\/roghanna-fianan\/\" \/>\n<meta property=\"og:locale\" content=\"ga_IE\" \/>\n<meta property=\"og:type\" content=\"article\" \/>\n<meta property=\"og:title\" content=\"Roghanna fian\u00e1n - Public Lighting\" \/>\n<meta property=\"og:description\" content=\"R\u00e9amhr\u00e1 Sa chaoi go mbeidh an su\u00edomh seo oibri\u00fa mar is ceart,&hellip;Read More\" \/>\n<meta property=\"og:url\" content=\"https:\/\/publiclighting.ie\/ga\/roghanna-fianan\/\" \/>\n<meta property=\"og:site_name\" content=\"Public Lighting\" \/>\n<meta property=\"article:modified_time\" content=\"2022-06-03T13:55:31+00:00\" \/>\n<meta name=\"twitter:card\" content=\"summary_large_image\" \/>\n<script type=\"application\/ld+json\" class=\"yoast-schema-graph\">{\"@context\":\"https:\/\/schema.org\",\"@graph\":[{\"@type\":\"WebPage\",\"@id\":\"https:\/\/publiclighting.ie\/ga\/roghanna-fianan\/\",\"url\":\"https:\/\/publiclighting.ie\/ga\/roghanna-fianan\/\",\"name\":\"Roghanna fian\u00e1n - Public Lighting\",\"isPartOf\":{\"@id\":\"https:\/\/publiclighting.ie\/#website\"},\"datePublished\":\"2021-05-28T17:10:09+00:00\",\"dateModified\":\"2022-06-03T13:55:31+00:00\",\"breadcrumb\":{\"@id\":\"https:\/\/publiclighting.ie\/ga\/roghanna-fianan\/#breadcrumb\"},\"inLanguage\":\"ga-IE\",\"potentialAction\":[{\"@type\":\"ReadAction\",\"target\":[\"https:\/\/publiclighting.ie\/ga\/roghanna-fianan\/\"]}]},{\"@type\":\"BreadcrumbList\",\"@id\":\"https:\/\/publiclighting.ie\/ga\/roghanna-fianan\/#breadcrumb\",\"itemListElement\":[{\"@type\":\"ListItem\",\"position\":1,\"name\":\"Home\",\"item\":\"https:\/\/publiclighting.ie\/ga\/\"},{\"@type\":\"ListItem\",\"position\":2,\"name\":\"Roghanna fian\u00e1n\"}]},{\"@type\":\"WebSite\",\"@id\":\"https:\/\/publiclighting.ie\/#website\",\"url\":\"https:\/\/publiclighting.ie\/\",\"name\":\"Public Lighting\",\"description\":\"How we light Ireland is changing for the better\",\"publisher\":{\"@id\":\"https:\/\/publiclighting.ie\/#organization\"},\"potentialAction\":[{\"@type\":\"SearchAction\",\"target\":{\"@type\":\"EntryPoint\",\"urlTemplate\":\"https:\/\/publiclighting.ie\/?s={search_term_string}\"},\"query-input\":{\"@type\":\"PropertyValueSpecification\",\"valueRequired\":true,\"valueName\":\"search_term_string\"}}],\"inLanguage\":\"ga-IE\"},{\"@type\":\"Organization\",\"@id\":\"https:\/\/publiclighting.ie\/#organization\",\"name\":\"Public Lighting\",\"url\":\"https:\/\/publiclighting.ie\/\",\"logo\":{\"@type\":\"ImageObject\",\"inLanguage\":\"ga-IE\",\"@id\":\"https:\/\/publiclighting.ie\/#\/schema\/logo\/image\/\",\"url\":\"https:\/\/publiclighting.ie\/wp-content\/uploads\/2021\/05\/LED-RGB-Small.png\",\"contentUrl\":\"https:\/\/publiclighting.ie\/wp-content\/uploads\/2021\/05\/LED-RGB-Small.png\",\"width\":1458,\"height\":546,\"caption\":\"Public Lighting\"},\"image\":{\"@id\":\"https:\/\/publiclighting.ie\/#\/schema\/logo\/image\/\"}}]}<\/script>\n<!-- \/ Yoast SEO plugin. -->","yoast_head_json":{"title":"Roghanna fian\u00e1n - Public Lighting","robots":{"index":"index","follow":"follow","max-snippet":"max-snippet:-1","max-image-preview":"max-image-preview:large","max-video-preview":"max-video-preview:-1"},"canonical":"https:\/\/publiclighting.ie\/ga\/roghanna-fianan\/","og_locale":"ga_IE","og_type":"article","og_title":"Roghanna fian\u00e1n - Public Lighting","og_description":"R\u00e9amhr\u00e1 Sa chaoi go mbeidh an su\u00edomh seo oibri\u00fa mar is ceart,&hellip;Read More","og_url":"https:\/\/publiclighting.ie\/ga\/roghanna-fianan\/","og_site_name":"Public Lighting","article_modified_time":"2022-06-03T13:55:31+00:00","twitter_card":"summary_large_image","schema":{"@context":"https:\/\/schema.org","@graph":[{"@type":"WebPage","@id":"https:\/\/publiclighting.ie\/ga\/roghanna-fianan\/","url":"https:\/\/publiclighting.ie\/ga\/roghanna-fianan\/","name":"Roghanna fian\u00e1n - Public Lighting","isPartOf":{"@id":"https:\/\/publiclighting.ie\/#website"},"datePublished":"2021-05-28T17:10:09+00:00","dateModified":"2022-06-03T13:55:31+00:00","breadcrumb":{"@id":"https:\/\/publiclighting.ie\/ga\/roghanna-fianan\/#breadcrumb"},"inLanguage":"ga-IE","potentialAction":[{"@type":"ReadAction","target":["https:\/\/publiclighting.ie\/ga\/roghanna-fianan\/"]}]},{"@type":"BreadcrumbList","@id":"https:\/\/publiclighting.ie\/ga\/roghanna-fianan\/#breadcrumb","itemListElement":[{"@type":"ListItem","position":1,"name":"Home","item":"https:\/\/publiclighting.ie\/ga\/"},{"@type":"ListItem","position":2,"name":"Roghanna fian\u00e1n"}]},{"@type":"WebSite","@id":"https:\/\/publiclighting.ie\/#website","url":"https:\/\/publiclighting.ie\/","name":"Public Lighting","description":"How we light Ireland is changing for the better","publisher":{"@id":"https:\/\/publiclighting.ie\/#organization"},"potentialAction":[{"@type":"SearchAction","target":{"@type":"EntryPoint","urlTemplate":"https:\/\/publiclighting.ie\/?s={search_term_string}"},"query-input":{"@type":"PropertyValueSpecification","valueRequired":true,"valueName":"search_term_string"}}],"inLanguage":"ga-IE"},{"@type":"Organization","@id":"https:\/\/publiclighting.ie\/#organization","name":"Public Lighting","url":"https:\/\/publiclighting.ie\/","logo":{"@type":"ImageObject","inLanguage":"ga-IE","@id":"https:\/\/publiclighting.ie\/#\/schema\/logo\/image\/","url":"https:\/\/publiclighting.ie\/wp-content\/uploads\/2021\/05\/LED-RGB-Small.png","contentUrl":"https:\/\/publiclighting.ie\/wp-content\/uploads\/2021\/05\/LED-RGB-Small.png","width":1458,"height":546,"caption":"Public Lighting"},"image":{"@id":"https:\/\/publiclighting.ie\/#\/schema\/logo\/image\/"}}]}},"_links":{"self":[{"href":"https:\/\/publiclighting.ie\/ga\/wp-json\/wp\/v2\/pages\/249","targetHints":{"allow":["GET"]}}],"collection":[{"href":"https:\/\/publiclighting.ie\/ga\/wp-json\/wp\/v2\/pages"}],"about":[{"href":"https:\/\/publiclighting.ie\/ga\/wp-json\/wp\/v2\/types\/page"}],"author":[{"embeddable":true,"href":"https:\/\/publiclighting.ie\/ga\/wp-json\/wp\/v2\/users\/1"}],"replies":[{"embeddable":true,"href":"https:\/\/publiclighting.ie\/ga\/wp-json\/wp\/v2\/comments?post=249"}],"version-history":[{"count":1,"href":"https:\/\/publiclighting.ie\/ga\/wp-json\/wp\/v2\/pages\/249\/revisions"}],"predecessor-version":[{"id":250,"href":"https:\/\/publiclighting.ie\/ga\/wp-json\/wp\/v2\/pages\/249\/revisions\/250"}],"wp:attachment":[{"href":"https:\/\/publiclighting.ie\/ga\/wp-json\/wp\/v2\/media?parent=249"}],"curies":[{"name":"wp","href":"https:\/\/api.w.org\/{rel}","templated":true}]}}